{"id":47,"date":"2018-09-05T15:15:25","date_gmt":"2018-09-05T15:15:25","guid":{"rendered":"https:\/\/tunamedicinagranada.com\/?page_id=47"},"modified":"2024-05-06T17:58:00","modified_gmt":"2024-05-06T17:58:00","slug":"contacto","status":"publish","type":"page","link":"https:\/\/tunamedicinagranada.com\/?page_id=47","title":{"rendered":"CONTACTO"},"content":{"rendered":"<h2 style=\"text-align: center;\">\u00a1CONTACTA CON NOSOTROS PARA AMENIZAR TUS MEJORES MOMENTOS!<\/h2>\n<h2 style=\"text-align: center;\"><strong>Sumidero (Daniel):<\/strong> 640 20 84 52<\/h2>\n<h2 style=\"text-align: center;\"><strong>Pfizer Luis (Henry):<\/strong> 637 15 60 97<\/h2>\n<h2 style=\"text-align: center;\"><strong>Latigass (Dar\u00edo):<\/strong> 606 74 30 01<\/h2>\n<p style=\"text-align: left;\">Celebre con nosotros aquellos d\u00edas m\u00e1s importantes de su vida. \u00bfPor qu\u00e9 no expresar con m\u00fasica la alegr\u00eda o amor que se experimentas en esos d\u00edas tan se\u00f1alados (boda, bautizo, comuni\u00f3n, cumplea\u00f1os, pedida, etc.)? Nos encargamos de todo, s\u00f3lo tendr\u00e1s que preocuparte de disfrutar de nuestra actuaci\u00f3n.<\/p>\n<p>\u00a0<\/p>\n<p style=\"text-align: center;\"><iframe loading=\"lazy\" title=\"YouTube video player\" src=\"https:\/\/www.youtube.com\/embed\/FZrRq8Bxl0M?start=1\" width=\"80%\" height=\"447\" frameborder=\"0\" allowfullscreen=\"allowfullscreen\"><\/iframe><\/p>\n<p style=\"text-align: center;\">Conf\u00ede en nuestra calidad y experiencia con los precios m\u00e1s competitivos, ofertada por un grupo unido por una pasi\u00f3n, la m\u00fasica. \u00a1Tuna de Medicina de Granada!<\/p>\n<p style=\"text-align: center;\"><iframe loading=\"lazy\" title=\"YouTube video player\" src=\"https:\/\/www.youtube.com\/embed\/OPXx5JGy7ds?start=1\" width=\"80%\" height=\"447\" frameborder=\"0\" allowfullscreen=\"allowfullscreen\"><\/iframe><\/p>\n\n\n<p><\/p>\n","protected":false},"excerpt":{"rendered":"<p>\u00a1CONTACTA CON NOSOTROS PARA AMENIZAR TUS MEJORES MOMENTOS! Sumidero (Daniel): 640 20 84 52 Pfizer Luis (Henry): 637 15 60 97 Latigass (Dar\u00edo): 606 74 30 01 Celebre con nosotros aquellos d\u00edas m\u00e1s importantes de su vida. \u00bfPor qu\u00e9 no expresar con m\u00fasica la alegr\u00eda o amor que se experimentas en esos d\u00edas tan se\u00f1alados&hellip; <br \/> <a class=\"button small blue\" href=\"https:\/\/tunamedicinagranada.com\/?page_id=47\">Leer m\u00e1s<\/a><\/p>\n","protected":false},"author":1,"featured_media":0,"parent":0,"menu_order":0,"comment_status":"closed","ping_status":"closed","template":"","meta":{"jetpack_post_was_ever_published":false},"yoast_head":"<!-- This site is optimized with the Yoast SEO plugin v19.13 - https:\/\/yoast.com\/wordpress\/plugins\/seo\/ -->\n<title>CONTACTO - TUNA DE MEDICINA<\/title>\n<meta name=\"robots\" content=\"index, follow, max-snippet:-1, max-image-preview:large, max-video-preview:-1\" \/>\n<link rel=\"canonical\" href=\"https:\/\/tunamedicinagranada.com\/?page_id=47\" \/>\n<meta property=\"og:locale\" content=\"es_ES\" \/>\n<meta property=\"og:type\" content=\"article\" \/>\n<meta property=\"og:title\" content=\"CONTACTO - TUNA DE MEDICINA\" \/>\n<meta property=\"og:description\" content=\"\u00a1CONTACTA CON NOSOTROS PARA AMENIZAR TUS MEJORES MOMENTOS! Sumidero (Daniel): 640 20 84 52 Pfizer Luis (Henry): 637 15 60 97 Latigass (Dar\u00edo): 606 74 30 01 Celebre con nosotros aquellos d\u00edas m\u00e1s importantes de su vida. \u00bfPor qu\u00e9 no expresar con m\u00fasica la alegr\u00eda o amor que se experimentas en esos d\u00edas tan se\u00f1alados&hellip; Leer m\u00e1s\" \/>\n<meta property=\"og:url\" content=\"https:\/\/tunamedicinagranada.com\/?page_id=47\" \/>\n<meta property=\"og:site_name\" content=\"TUNA DE MEDICINA\" \/>\n<meta property=\"article:publisher\" content=\"https:\/\/www.facebook.com\/tunamedicinagranada1\" \/>\n<meta property=\"article:modified_time\" content=\"2024-05-06T17:58:00+00:00\" \/>\n<meta name=\"twitter:card\" content=\"summary_large_image\" \/>\n<meta name=\"twitter:label1\" content=\"Tiempo de lectura\" \/>\n\t<meta name=\"twitter:data1\" content=\"1 minuto\" \/>\n<script type=\"application\/ld+json\" class=\"yoast-schema-graph\">{\"@context\":\"https:\/\/schema.org\",\"@graph\":[{\"@type\":\"WebPage\",\"@id\":\"https:\/\/tunamedicinagranada.com\/?page_id=47\",\"url\":\"https:\/\/tunamedicinagranada.com\/?page_id=47\",\"name\":\"CONTACTO - TUNA DE MEDICINA\",\"isPartOf\":{\"@id\":\"https:\/\/tunamedicinagranada.com\/#website\"},\"datePublished\":\"2018-09-05T15:15:25+00:00\",\"dateModified\":\"2024-05-06T17:58:00+00:00\",\"breadcrumb\":{\"@id\":\"https:\/\/tunamedicinagranada.com\/?page_id=47#breadcrumb\"},\"inLanguage\":\"es\",\"potentialAction\":[{\"@type\":\"ReadAction\",\"target\":[\"https:\/\/tunamedicinagranada.com\/?page_id=47\"]}]},{\"@type\":\"BreadcrumbList\",\"@id\":\"https:\/\/tunamedicinagranada.com\/?page_id=47#breadcrumb\",\"itemListElement\":[{\"@type\":\"ListItem\",\"position\":1,\"name\":\"Portada\",\"item\":\"https:\/\/tunamedicinagranada.com\/\"},{\"@type\":\"ListItem\",\"position\":2,\"name\":\"CONTACTO\"}]},{\"@type\":\"WebSite\",\"@id\":\"https:\/\/tunamedicinagranada.com\/#website\",\"url\":\"https:\/\/tunamedicinagranada.com\/\",\"name\":\"TUNA DE MEDICINA\",\"description\":\"TUNA DE GRANADA\",\"publisher\":{\"@id\":\"https:\/\/tunamedicinagranada.com\/#organization\"},\"potentialAction\":[{\"@type\":\"SearchAction\",\"target\":{\"@type\":\"EntryPoint\",\"urlTemplate\":\"https:\/\/tunamedicinagranada.com\/?s={search_term_string}\"},\"query-input\":\"required name=search_term_string\"}],\"inLanguage\":\"es\"},{\"@type\":\"Organization\",\"@id\":\"https:\/\/tunamedicinagranada.com\/#organization\",\"name\":\"Tuna Medicina Granada\",\"url\":\"https:\/\/tunamedicinagranada.com\/\",\"logo\":{\"@type\":\"ImageObject\",\"inLanguage\":\"es\",\"@id\":\"https:\/\/tunamedicinagranada.com\/#\/schema\/logo\/image\/\",\"url\":\"https:\/\/tunamedicinagranada.com\/wp-content\/uploads\/2018\/08\/Portada-Tuna-Medicina.jpg.jpg\",\"contentUrl\":\"https:\/\/tunamedicinagranada.com\/wp-content\/uploads\/2018\/08\/Portada-Tuna-Medicina.jpg.jpg\",\"width\":1929,\"height\":1888,\"caption\":\"Tuna Medicina Granada\"},\"image\":{\"@id\":\"https:\/\/tunamedicinagranada.com\/#\/schema\/logo\/image\/\"},\"sameAs\":[\"https:\/\/www.instagram.com\/tunamedicinagranada\/?hl=es\",\"https:\/\/www.youtube.com\/user\/Tunamedicinagranada\",\"https:\/\/www.facebook.com\/tunamedicinagranada1\"]}]}<\/script>\n<!-- \/ Yoast SEO plugin. -->","yoast_head_json":{"title":"CONTACTO - TUNA DE MEDICINA","robots":{"index":"index","follow":"follow","max-snippet":"max-snippet:-1","max-image-preview":"max-image-preview:large","max-video-preview":"max-video-preview:-1"},"canonical":"https:\/\/tunamedicinagranada.com\/?page_id=47","og_locale":"es_ES","og_type":"article","og_title":"CONTACTO - TUNA DE MEDICINA","og_description":"\u00a1CONTACTA CON NOSOTROS PARA AMENIZAR TUS MEJORES MOMENTOS! Sumidero (Daniel): 640 20 84 52 Pfizer Luis (Henry): 637 15 60 97 Latigass (Dar\u00edo): 606 74 30 01 Celebre con nosotros aquellos d\u00edas m\u00e1s importantes de su vida. \u00bfPor qu\u00e9 no expresar con m\u00fasica la alegr\u00eda o amor que se experimentas en esos d\u00edas tan se\u00f1alados&hellip; Leer m\u00e1s","og_url":"https:\/\/tunamedicinagranada.com\/?page_id=47","og_site_name":"TUNA DE MEDICINA","article_publisher":"https:\/\/www.facebook.com\/tunamedicinagranada1","article_modified_time":"2024-05-06T17:58:00+00:00","twitter_card":"summary_large_image","twitter_misc":{"Tiempo de lectura":"1 minuto"},"schema":{"@context":"https:\/\/schema.org","@graph":[{"@type":"WebPage","@id":"https:\/\/tunamedicinagranada.com\/?page_id=47","url":"https:\/\/tunamedicinagranada.com\/?page_id=47","name":"CONTACTO - TUNA DE MEDICINA","isPartOf":{"@id":"https:\/\/tunamedicinagranada.com\/#website"},"datePublished":"2018-09-05T15:15:25+00:00","dateModified":"2024-05-06T17:58:00+00:00","breadcrumb":{"@id":"https:\/\/tunamedicinagranada.com\/?page_id=47#breadcrumb"},"inLanguage":"es","potentialAction":[{"@type":"ReadAction","target":["https:\/\/tunamedicinagranada.com\/?page_id=47"]}]},{"@type":"BreadcrumbList","@id":"https:\/\/tunamedicinagranada.com\/?page_id=47#breadcrumb","itemListElement":[{"@type":"ListItem","position":1,"name":"Portada","item":"https:\/\/tunamedicinagranada.com\/"},{"@type":"ListItem","position":2,"name":"CONTACTO"}]},{"@type":"WebSite","@id":"https:\/\/tunamedicinagranada.com\/#website","url":"https:\/\/tunamedicinagranada.com\/","name":"TUNA DE MEDICINA","description":"TUNA DE GRANADA","publisher":{"@id":"https:\/\/tunamedicinagranada.com\/#organization"},"potentialAction":[{"@type":"SearchAction","target":{"@type":"EntryPoint","urlTemplate":"https:\/\/tunamedicinagranada.com\/?s={search_term_string}"},"query-input":"required name=search_term_string"}],"inLanguage":"es"},{"@type":"Organization","@id":"https:\/\/tunamedicinagranada.com\/#organization","name":"Tuna Medicina Granada","url":"https:\/\/tunamedicinagranada.com\/","logo":{"@type":"ImageObject","inLanguage":"es","@id":"https:\/\/tunamedicinagranada.com\/#\/schema\/logo\/image\/","url":"https:\/\/tunamedicinagranada.com\/wp-content\/uploads\/2018\/08\/Portada-Tuna-Medicina.jpg.jpg","contentUrl":"https:\/\/tunamedicinagranada.com\/wp-content\/uploads\/2018\/08\/Portada-Tuna-Medicina.jpg.jpg","width":1929,"height":1888,"caption":"Tuna Medicina Granada"},"image":{"@id":"https:\/\/tunamedicinagranada.com\/#\/schema\/logo\/image\/"},"sameAs":["https:\/\/www.instagram.com\/tunamedicinagranada\/?hl=es","https:\/\/www.youtube.com\/user\/Tunamedicinagranada","https:\/\/www.facebook.com\/tunamedicinagranada1"]}]}},"jetpack_sharing_enabled":true,"jetpack_shortlink":"https:\/\/wp.me\/PaJoFd-L","_links":{"self":[{"href":"https:\/\/tunamedicinagranada.com\/index.php?rest_route=\/wp\/v2\/pages\/47"}],"collection":[{"href":"https:\/\/tunamedicinagranada.com\/index.php?rest_route=\/wp\/v2\/pages"}],"about":[{"href":"https:\/\/tunamedicinagranada.com\/index.php?rest_route=\/wp\/v2\/types\/page"}],"author":[{"embeddable":true,"href":"https:\/\/tunamedicinagranada.com\/index.php?rest_route=\/wp\/v2\/users\/1"}],"replies":[{"embeddable":true,"href":"https:\/\/tunamedicinagranada.com\/index.php?rest_route=%2Fwp%2Fv2%2Fcomments&post=47"}],"version-history":[{"count":20,"href":"https:\/\/tunamedicinagranada.com\/index.php?rest_route=\/wp\/v2\/pages\/47\/revisions"}],"predecessor-version":[{"id":687,"href":"https:\/\/tunamedicinagranada.com\/index.php?rest_route=\/wp\/v2\/pages\/47\/revisions\/687"}],"wp:attachment":[{"href":"https:\/\/tunamedicinagranada.com\/index.php?rest_route=%2Fwp%2Fv2%2Fmedia&parent=47"}],"curies":[{"name":"wp","href":"https:\/\/api.w.org\/{rel}","templated":true}]}}