{"id":32,"date":"2018-09-05T11:36:51","date_gmt":"2018-09-05T11:36:51","guid":{"rendered":"https:\/\/tunamedicinagranada.com\/?page_id=32"},"modified":"2019-02-18T20:08:58","modified_gmt":"2019-02-18T20:08:58","slug":"sobre-nosotros","status":"publish","type":"page","link":"https:\/\/tunamedicinagranada.com\/?page_id=32","title":{"rendered":"SOBRE NOSOTROS"},"content":{"rendered":"<h2 style=\"text-align: center;\">TUNA DE MEDICINA DE GRANADA<\/h2>\n<p><img decoding=\"async\" loading=\"lazy\" class=\" wp-image-4 aligncenter\" src=\"https:\/\/tunamedicinagranada.com\/wp-content\/uploads\/2018\/08\/Portada-Tuna-Medicina.jpg-300x294.jpg\" alt=\"\" width=\"435\" height=\"426\" srcset=\"https:\/\/tunamedicinagranada.com\/wp-content\/uploads\/2018\/08\/Portada-Tuna-Medicina.jpg-300x294.jpg 300w, https:\/\/tunamedicinagranada.com\/wp-content\/uploads\/2018\/08\/Portada-Tuna-Medicina.jpg-768x752.jpg 768w, https:\/\/tunamedicinagranada.com\/wp-content\/uploads\/2018\/08\/Portada-Tuna-Medicina.jpg-1024x1002.jpg 1024w, https:\/\/tunamedicinagranada.com\/wp-content\/uploads\/2018\/08\/Portada-Tuna-Medicina.jpg-1103x1080.jpg 1103w, https:\/\/tunamedicinagranada.com\/wp-content\/uploads\/2018\/08\/Portada-Tuna-Medicina.jpg.jpg 1929w\" sizes=\"(max-width: 435px) 100vw, 435px\" \/><\/p>\n<p>La Tuna, tradicional hermandad de alumnos y antiguos alumnos universitarios que a trav\u00e9s m\u00fasica viajan por el mundo, cantan a las damas, beben, comen y dan un toque de alegr\u00eda a la vida. No sabemos a ciencia cierta cuantos a\u00f1os lleva la Tuna de Medicina de Granada haciendo estas cosas, pero seg\u00fan los miembros (vivos, a los otros no les podemos preguntar) m\u00e1s antiguos, hay fotos de principios del siglo XX de la Tuna en la Facultad de Medicina.<\/p>\n<p>La Tuna de Medicina es una de las tunas hist\u00f3ricas de Granada, y seg\u00fan los documentos antiguos, la decana entre tantas, adem\u00e1s de una de las m\u00e1s activas en la actualidad. Desde hace unos a\u00f1os hasta la fecha, la tuna de la beca amarilla ha resurgido con mucha fuerza, ingresando una gran cantidad de miembros en los \u00faltimos cinco a\u00f1os y desarrollando una actividad fren\u00e9tica.<\/p>\n<p>Entre las actividades cotidianas que se realizan est\u00e1n las siguientes: Rondas en los pisos de las universitarias que as\u00ed lo soliciten; salidas por la ciudad a ver lo que pasa (siempre pasa algo), cert\u00e1menes en distintas ciudades del panorama nacional e internacional; viajes por el mundo , generalmente contando s\u00f3lo con el traje el instrumento, lo que los hace m\u00e1s interesantes; comidas y reuniones intergeneracionales con los antiguos, con los que tenemos unos lazos de amistad y compa\u00f1erismo muy fuertes, adem\u00e1s se apuntan a un bombardeo; entre much\u00edsimas otras actividades. No hay semana en la que no se haga algo, solo hace falta ponerse el traje, coger el instrumento y salir a la calle.<\/p>\n<p>\u00bfQue no sabes tocar ni cantar? Ning\u00fan problema, siempre habr\u00e1 alguien que te ense\u00f1e. \u00bfNo tienes traje ni instrumento? Te lo prestamos. \u00bfTemes que la tuna afecte a tu rendimiento acad\u00e9mico o deportivo? Leyenda urbana, muchos de los tunos que han pasado por aqu\u00ed son los mejores en sus especialidades a nivel nacional. \u00bfNo estudias medicina? Yo tampoco. \u00bfD\u00f3nde ensay\u00e1is, que me quiero pasar a veros? En el Bar Cebollas Palas, los Lunes a las 22:00. \u00bfEnsay\u00e1is en un bar? Si.<\/p>\n<p>Concluyendo, si quieres vivir una experiencia totalmente nueva y gratificante, si no quieres que la \u00e9poca universitaria sea una etapa rutinaria de tu vida, si quieres vivir la universidad desde un punto de vista desconocido para el gran p\u00fablico, si quieres conocer gente y vivir aventuras que recordar\u00e1s siempre, no dudes en ponerte en contacto con nosotros. \u00a1A\u00fapa Tuna!<\/p>\n<p><iframe loading=\"lazy\" src=\"https:\/\/www.youtube.com\/embed\/JvfTb66MIwc\" width=\"100%\" height=\"447\" frameborder=\"0\" allowfullscreen=\"allowfullscreen\"><\/iframe><\/p>\n","protected":false},"excerpt":{"rendered":"<p>TUNA DE MEDICINA DE GRANADA La Tuna, tradicional hermandad de alumnos y antiguos alumnos universitarios que a trav\u00e9s m\u00fasica viajan por el mundo, cantan a las damas, beben, comen y dan un toque de alegr\u00eda a la vida. No sabemos a ciencia cierta cuantos a\u00f1os lleva la Tuna de Medicina de Granada haciendo estas cosas,&hellip; <br \/> <a class=\"button small blue\" href=\"https:\/\/tunamedicinagranada.com\/?page_id=32\">Leer m\u00e1s<\/a><\/p>\n","protected":false},"author":1,"featured_media":4,"parent":0,"menu_order":0,"comment_status":"closed","ping_status":"closed","template":"","meta":{"jetpack_post_was_ever_published":false},"yoast_head":"<!-- This site is optimized with the Yoast SEO plugin v19.13 - https:\/\/yoast.com\/wordpress\/plugins\/seo\/ -->\n<title>SOBRE NOSOTROS - TUNA DE MEDICINA<\/title>\n<meta name=\"robots\" content=\"index, follow, max-snippet:-1, max-image-preview:large, max-video-preview:-1\" \/>\n<link rel=\"canonical\" href=\"https:\/\/tunamedicinagranada.com\/?page_id=32\" \/>\n<meta property=\"og:locale\" content=\"es_ES\" \/>\n<meta property=\"og:type\" content=\"article\" \/>\n<meta property=\"og:title\" content=\"SOBRE NOSOTROS - TUNA DE MEDICINA\" \/>\n<meta property=\"og:description\" content=\"TUNA DE MEDICINA DE GRANADA La Tuna, tradicional hermandad de alumnos y antiguos alumnos universitarios que a trav\u00e9s m\u00fasica viajan por el mundo, cantan a las damas, beben, comen y dan un toque de alegr\u00eda a la vida. No sabemos a ciencia cierta cuantos a\u00f1os lleva la Tuna de Medicina de Granada haciendo estas cosas,&hellip; Leer m\u00e1s\" \/>\n<meta property=\"og:url\" content=\"https:\/\/tunamedicinagranada.com\/?page_id=32\" \/>\n<meta property=\"og:site_name\" content=\"TUNA DE MEDICINA\" \/>\n<meta property=\"article:publisher\" content=\"https:\/\/www.facebook.com\/tunamedicinagranada1\" \/>\n<meta property=\"article:modified_time\" content=\"2019-02-18T20:08:58+00:00\" \/>\n<meta property=\"og:image\" content=\"https:\/\/tunamedicinagranada.com\/wp-content\/uploads\/2018\/08\/Portada-Tuna-Medicina.jpg.jpg\" \/>\n\t<meta property=\"og:image:width\" content=\"1929\" \/>\n\t<meta property=\"og:image:height\" content=\"1888\" \/>\n\t<meta property=\"og:image:type\" content=\"image\/jpeg\" \/>\n<meta name=\"twitter:card\" content=\"summary_large_image\" \/>\n<meta name=\"twitter:label1\" content=\"Tiempo de lectura\" \/>\n\t<meta name=\"twitter:data1\" content=\"2 minutos\" \/>\n<script type=\"application\/ld+json\" class=\"yoast-schema-graph\">{\"@context\":\"https:\/\/schema.org\",\"@graph\":[{\"@type\":\"WebPage\",\"@id\":\"https:\/\/tunamedicinagranada.com\/?page_id=32\",\"url\":\"https:\/\/tunamedicinagranada.com\/?page_id=32\",\"name\":\"SOBRE NOSOTROS - TUNA DE MEDICINA\",\"isPartOf\":{\"@id\":\"https:\/\/tunamedicinagranada.com\/#website\"},\"datePublished\":\"2018-09-05T11:36:51+00:00\",\"dateModified\":\"2019-02-18T20:08:58+00:00\",\"breadcrumb\":{\"@id\":\"https:\/\/tunamedicinagranada.com\/?page_id=32#breadcrumb\"},\"inLanguage\":\"es\",\"potentialAction\":[{\"@type\":\"ReadAction\",\"target\":[\"https:\/\/tunamedicinagranada.com\/?page_id=32\"]}]},{\"@type\":\"BreadcrumbList\",\"@id\":\"https:\/\/tunamedicinagranada.com\/?page_id=32#breadcrumb\",\"itemListElement\":[{\"@type\":\"ListItem\",\"position\":1,\"name\":\"Portada\",\"item\":\"https:\/\/tunamedicinagranada.com\/\"},{\"@type\":\"ListItem\",\"position\":2,\"name\":\"SOBRE NOSOTROS\"}]},{\"@type\":\"WebSite\",\"@id\":\"https:\/\/tunamedicinagranada.com\/#website\",\"url\":\"https:\/\/tunamedicinagranada.com\/\",\"name\":\"TUNA DE MEDICINA\",\"description\":\"TUNA DE GRANADA\",\"publisher\":{\"@id\":\"https:\/\/tunamedicinagranada.com\/#organization\"},\"potentialAction\":[{\"@type\":\"SearchAction\",\"target\":{\"@type\":\"EntryPoint\",\"urlTemplate\":\"https:\/\/tunamedicinagranada.com\/?s={search_term_string}\"},\"query-input\":\"required name=search_term_string\"}],\"inLanguage\":\"es\"},{\"@type\":\"Organization\",\"@id\":\"https:\/\/tunamedicinagranada.com\/#organization\",\"name\":\"Tuna Medicina Granada\",\"url\":\"https:\/\/tunamedicinagranada.com\/\",\"logo\":{\"@type\":\"ImageObject\",\"inLanguage\":\"es\",\"@id\":\"https:\/\/tunamedicinagranada.com\/#\/schema\/logo\/image\/\",\"url\":\"https:\/\/tunamedicinagranada.com\/wp-content\/uploads\/2018\/08\/Portada-Tuna-Medicina.jpg.jpg\",\"contentUrl\":\"https:\/\/tunamedicinagranada.com\/wp-content\/uploads\/2018\/08\/Portada-Tuna-Medicina.jpg.jpg\",\"width\":1929,\"height\":1888,\"caption\":\"Tuna Medicina Granada\"},\"image\":{\"@id\":\"https:\/\/tunamedicinagranada.com\/#\/schema\/logo\/image\/\"},\"sameAs\":[\"https:\/\/www.instagram.com\/tunamedicinagranada\/?hl=es\",\"https:\/\/www.youtube.com\/user\/Tunamedicinagranada\",\"https:\/\/www.facebook.com\/tunamedicinagranada1\"]}]}<\/script>\n<!-- \/ Yoast SEO plugin. -->","yoast_head_json":{"title":"SOBRE NOSOTROS - TUNA DE MEDICINA","robots":{"index":"index","follow":"follow","max-snippet":"max-snippet:-1","max-image-preview":"max-image-preview:large","max-video-preview":"max-video-preview:-1"},"canonical":"https:\/\/tunamedicinagranada.com\/?page_id=32","og_locale":"es_ES","og_type":"article","og_title":"SOBRE NOSOTROS - TUNA DE MEDICINA","og_description":"TUNA DE MEDICINA DE GRANADA La Tuna, tradicional hermandad de alumnos y antiguos alumnos universitarios que a trav\u00e9s m\u00fasica viajan por el mundo, cantan a las damas, beben, comen y dan un toque de alegr\u00eda a la vida. No sabemos a ciencia cierta cuantos a\u00f1os lleva la Tuna de Medicina de Granada haciendo estas cosas,&hellip; Leer m\u00e1s","og_url":"https:\/\/tunamedicinagranada.com\/?page_id=32","og_site_name":"TUNA DE MEDICINA","article_publisher":"https:\/\/www.facebook.com\/tunamedicinagranada1","article_modified_time":"2019-02-18T20:08:58+00:00","og_image":[{"width":1929,"height":1888,"url":"https:\/\/tunamedicinagranada.com\/wp-content\/uploads\/2018\/08\/Portada-Tuna-Medicina.jpg.jpg","type":"image\/jpeg"}],"twitter_card":"summary_large_image","twitter_misc":{"Tiempo de lectura":"2 minutos"},"schema":{"@context":"https:\/\/schema.org","@graph":[{"@type":"WebPage","@id":"https:\/\/tunamedicinagranada.com\/?page_id=32","url":"https:\/\/tunamedicinagranada.com\/?page_id=32","name":"SOBRE NOSOTROS - TUNA DE MEDICINA","isPartOf":{"@id":"https:\/\/tunamedicinagranada.com\/#website"},"datePublished":"2018-09-05T11:36:51+00:00","dateModified":"2019-02-18T20:08:58+00:00","breadcrumb":{"@id":"https:\/\/tunamedicinagranada.com\/?page_id=32#breadcrumb"},"inLanguage":"es","potentialAction":[{"@type":"ReadAction","target":["https:\/\/tunamedicinagranada.com\/?page_id=32"]}]},{"@type":"BreadcrumbList","@id":"https:\/\/tunamedicinagranada.com\/?page_id=32#breadcrumb","itemListElement":[{"@type":"ListItem","position":1,"name":"Portada","item":"https:\/\/tunamedicinagranada.com\/"},{"@type":"ListItem","position":2,"name":"SOBRE NOSOTROS"}]},{"@type":"WebSite","@id":"https:\/\/tunamedicinagranada.com\/#website","url":"https:\/\/tunamedicinagranada.com\/","name":"TUNA DE MEDICINA","description":"TUNA DE GRANADA","publisher":{"@id":"https:\/\/tunamedicinagranada.com\/#organization"},"potentialAction":[{"@type":"SearchAction","target":{"@type":"EntryPoint","urlTemplate":"https:\/\/tunamedicinagranada.com\/?s={search_term_string}"},"query-input":"required name=search_term_string"}],"inLanguage":"es"},{"@type":"Organization","@id":"https:\/\/tunamedicinagranada.com\/#organization","name":"Tuna Medicina Granada","url":"https:\/\/tunamedicinagranada.com\/","logo":{"@type":"ImageObject","inLanguage":"es","@id":"https:\/\/tunamedicinagranada.com\/#\/schema\/logo\/image\/","url":"https:\/\/tunamedicinagranada.com\/wp-content\/uploads\/2018\/08\/Portada-Tuna-Medicina.jpg.jpg","contentUrl":"https:\/\/tunamedicinagranada.com\/wp-content\/uploads\/2018\/08\/Portada-Tuna-Medicina.jpg.jpg","width":1929,"height":1888,"caption":"Tuna Medicina Granada"},"image":{"@id":"https:\/\/tunamedicinagranada.com\/#\/schema\/logo\/image\/"},"sameAs":["https:\/\/www.instagram.com\/tunamedicinagranada\/?hl=es","https:\/\/www.youtube.com\/user\/Tunamedicinagranada","https:\/\/www.facebook.com\/tunamedicinagranada1"]}]}},"jetpack_sharing_enabled":true,"jetpack_shortlink":"https:\/\/wp.me\/PaJoFd-w","_links":{"self":[{"href":"https:\/\/tunamedicinagranada.com\/index.php?rest_route=\/wp\/v2\/pages\/32"}],"collection":[{"href":"https:\/\/tunamedicinagranada.com\/index.php?rest_route=\/wp\/v2\/pages"}],"about":[{"href":"https:\/\/tunamedicinagranada.com\/index.php?rest_route=\/wp\/v2\/types\/page"}],"author":[{"embeddable":true,"href":"https:\/\/tunamedicinagranada.com\/index.php?rest_route=\/wp\/v2\/users\/1"}],"replies":[{"embeddable":true,"href":"https:\/\/tunamedicinagranada.com\/index.php?rest_route=%2Fwp%2Fv2%2Fcomments&post=32"}],"version-history":[{"count":7,"href":"https:\/\/tunamedicinagranada.com\/index.php?rest_route=\/wp\/v2\/pages\/32\/revisions"}],"predecessor-version":[{"id":152,"href":"https:\/\/tunamedicinagranada.com\/index.php?rest_route=\/wp\/v2\/pages\/32\/revisions\/152"}],"wp:featuredmedia":[{"embeddable":true,"href":"https:\/\/tunamedicinagranada.com\/index.php?rest_route=\/wp\/v2\/media\/4"}],"wp:attachment":[{"href":"https:\/\/tunamedicinagranada.com\/index.php?rest_route=%2Fwp%2Fv2%2Fmedia&parent=32"}],"curies":[{"name":"wp","href":"https:\/\/api.w.org\/{rel}","templated":true}]}}