{"id":2,"date":"2016-05-10T03:48:21","date_gmt":"2016-05-10T03:48:21","guid":{"rendered":"https:\/\/tunamedicinagranada.com\/?page_id=2"},"modified":"2019-02-18T20:10:49","modified_gmt":"2019-02-18T20:10:49","slug":"sample-page","status":"publish","type":"page","link":"https:\/\/tunamedicinagranada.com\/?page_id=2","title":{"rendered":"\u00a1\u00daNETE!"},"content":{"rendered":"<p><img decoding=\"async\" loading=\"lazy\" class=\"wp-image-89 aligncenter\" src=\"https:\/\/tunamedicinagranada.com\/wp-content\/uploads\/2018\/09\/tuna-granada-3-300x137.jpg\" alt=\"\" width=\"867\" height=\"396\" srcset=\"https:\/\/tunamedicinagranada.com\/wp-content\/uploads\/2018\/09\/tuna-granada-3-300x137.jpg 300w, https:\/\/tunamedicinagranada.com\/wp-content\/uploads\/2018\/09\/tuna-granada-3-768x352.jpg 768w, https:\/\/tunamedicinagranada.com\/wp-content\/uploads\/2018\/09\/tuna-granada-3-1024x469.jpg 1024w, https:\/\/tunamedicinagranada.com\/wp-content\/uploads\/2018\/09\/tuna-granada-3.jpg 1150w\" sizes=\"(max-width: 867px) 100vw, 867px\" \/><\/p>\n<p>A las futuras generaciones.<\/p>\n<p><a name=\"_GoBack\"><\/a>\u00a0\u00abAunque se avecinen tiempos en los que parezca que salir vestido de tuno no sea la mejor opci\u00f3n, no os dej\u00e9is influir y permit\u00e1is que esta gran instituci\u00f3n muera, porque le estar\u00e9is robando a los que os suceden a\u00f1os de grandes aventuras en viajes por el mundo, miles de historias que si no fuera por el traje no hubieran ocurrido, infinitas mujeres que rondar a sus pisos, colegios mayores dentro y fuera de Granada, despedidas de solteras, cumplea\u00f1os, fiestas privadas, inauguraciones de pisos, gente que se te acerca en la Mae o en o Pedro Antonio a preguntarte por qu\u00e9 vas as\u00ed vestido, excusas para reuniros cuando os hay\u00e1is separado y teng\u00e1is vidas aparte, an\u00e9cdotas de amigos para la posteridad, los enredos en el Cebollas previo a cualquier actuaci\u00f3n, las canciones y el sorbito de an\u00eds del mono en el camino a actuar, la primera cinta, montarte en un escenario y demostrar ante cientos o miles de personas (Palacio de congresos o la JMJ 2011) lo que val\u00e9is cantando, bailando entreteniendo al p\u00fablico, la elecci\u00f3n de madrina, el dilema acerca del jefe y el sufragio junto con el voto de Pepe para elegirlo, el ramo que siempre se olvida, el cantarte al o\u00eddo porque as\u00ed lo escuchas mejor, las bromas que solo nosotros entendemos y que duran meses, la alternancia de motes, el c\u00f3mo se te hincha el pecho de orgullo al ver a tu solista o terminar una actuaci\u00f3n soberbia, el premio pandereta que nunca llega, levantar el trofeo a la mejor tuna, ir a por La Pr\u00edncipe y que las guerrilleras o las esclavas te paren porque se acuerdan de la tuna del Loyola que les cant\u00f3, brebajes, el pandereta tirado hacia atr\u00e1s mientras se canta el solo de Julio y la carilla de sufrimiento del tipo m\u00e1s el\u00e1stico de la provincia, salir de ronda y llegar al Mayor a la hora de comer con una sonrisa de oreja a oreja, los chistes, los ensayos, el viaje en coche o bus a los cert\u00e1menes, los contratillos donde te invitan a comer a la boda o incluso a dormir all\u00ed y te dedicas a cantar y pas\u00e1rtelo bien con los que hay\u00e1is ido, las rondas de besos, montar canciones incre\u00edbles, la copa Troll, el repertorio alternativo, la alegr\u00eda de ver a los viejos, levantarte moribundo antes de una actuaci\u00f3n, ponerte el traje y sentir como el \u201cgrillo\u201d te devuelve la vida, etc. Y sobre todo los lazos que se crean entre amigos y el calor y satisfacci\u00f3n infinita que se siente cuando por primera vez apostas la beca de La Gloriosa Verde Oliva y la acomodas sobre tu pecho.<\/p>\n<p><img decoding=\"async\" loading=\"lazy\" class=\"wp-image-94 aligncenter\" src=\"https:\/\/tunamedicinagranada.com\/wp-content\/uploads\/2018\/09\/tuna-granada-8-300x152.jpg\" alt=\"\" width=\"487\" height=\"247\" srcset=\"https:\/\/tunamedicinagranada.com\/wp-content\/uploads\/2018\/09\/tuna-granada-8-300x152.jpg 300w, https:\/\/tunamedicinagranada.com\/wp-content\/uploads\/2018\/09\/tuna-granada-8-768x390.jpg 768w, https:\/\/tunamedicinagranada.com\/wp-content\/uploads\/2018\/09\/tuna-granada-8-1024x520.jpg 1024w, https:\/\/tunamedicinagranada.com\/wp-content\/uploads\/2018\/09\/tuna-granada-8.jpg 1159w\" sizes=\"(max-width: 487px) 100vw, 487px\" \/><\/p>\n<p>No olvid\u00e9is nunca que los nuevos son el futuro y deb\u00e9is de instruirlos y dedicarles tiempo y paciencia para que desde que entren comprendan el compromiso que implica pertenecer a la Tuna de Medicina de Granada y siempre mantengamos el esca\u00f1o que nos corresponde.\u00bb<\/p>\n<p>&lt;&lt; Espero con anhelo el d\u00eda que con 5 a\u00f1os alg\u00fan ni\u00f1ato de 20 a\u00f1os me llame y me diga: Karateka, vente el s\u00e1bado que vamos a celebrar el 70 aniversario de La Gloriosa y vamos a juntarnos todos. Un abrazo a todos&gt;&gt;<\/p>\n<p>Javier Do\u00f1a Medina (Karateka\/ \u00aa el Tato)<\/p>\n<p><img decoding=\"async\" loading=\"lazy\" class=\"wp-image-92 aligncenter\" src=\"https:\/\/tunamedicinagranada.com\/wp-content\/uploads\/2018\/09\/tuna-granada-6-e1537975224997-300x138.jpg\" alt=\"\" width=\"913\" height=\"420\" srcset=\"https:\/\/tunamedicinagranada.com\/wp-content\/uploads\/2018\/09\/tuna-granada-6-e1537975224997-300x138.jpg 300w, https:\/\/tunamedicinagranada.com\/wp-content\/uploads\/2018\/09\/tuna-granada-6-e1537975224997-768x353.jpg 768w, https:\/\/tunamedicinagranada.com\/wp-content\/uploads\/2018\/09\/tuna-granada-6-e1537975224997-1024x471.jpg 1024w, https:\/\/tunamedicinagranada.com\/wp-content\/uploads\/2018\/09\/tuna-granada-6-e1537975224997.jpg 1363w\" sizes=\"(max-width: 913px) 100vw, 913px\" \/><\/p>\n","protected":false},"excerpt":{"rendered":"<p>A las futuras generaciones. \u00a0\u00abAunque se avecinen tiempos en los que parezca que salir vestido de tuno no sea la mejor opci\u00f3n, no os dej\u00e9is influir y permit\u00e1is que esta gran instituci\u00f3n muera, porque le estar\u00e9is robando a los que os suceden a\u00f1os de grandes aventuras en viajes por el mundo, miles de historias que&hellip; <br \/> <a class=\"button small blue\" href=\"https:\/\/tunamedicinagranada.com\/?page_id=2\">Leer m\u00e1s<\/a><\/p>\n","protected":false},"author":1,"featured_media":89,"parent":0,"menu_order":0,"comment_status":"closed","ping_status":"closed","template":"","meta":{"jetpack_post_was_ever_published":false},"yoast_head":"<!-- This site is optimized with the Yoast SEO plugin v19.13 - https:\/\/yoast.com\/wordpress\/plugins\/seo\/ -->\n<title>\u00a1\u00daNETE! - TUNA DE MEDICINA<\/title>\n<meta name=\"robots\" content=\"index, follow, max-snippet:-1, max-image-preview:large, max-video-preview:-1\" \/>\n<link rel=\"canonical\" href=\"https:\/\/tunamedicinagranada.com\/?page_id=2\" \/>\n<meta property=\"og:locale\" content=\"es_ES\" \/>\n<meta property=\"og:type\" content=\"article\" \/>\n<meta property=\"og:title\" content=\"\u00a1\u00daNETE! - TUNA DE MEDICINA\" \/>\n<meta property=\"og:description\" content=\"A las futuras generaciones. \u00a0\u00abAunque se avecinen tiempos en los que parezca que salir vestido de tuno no sea la mejor opci\u00f3n, no os dej\u00e9is influir y permit\u00e1is que esta gran instituci\u00f3n muera, porque le estar\u00e9is robando a los que os suceden a\u00f1os de grandes aventuras en viajes por el mundo, miles de historias que&hellip; Leer m\u00e1s\" \/>\n<meta property=\"og:url\" content=\"https:\/\/tunamedicinagranada.com\/?page_id=2\" \/>\n<meta property=\"og:site_name\" content=\"TUNA DE MEDICINA\" \/>\n<meta property=\"article:publisher\" content=\"https:\/\/www.facebook.com\/tunamedicinagranada1\" \/>\n<meta property=\"article:modified_time\" content=\"2019-02-18T20:10:49+00:00\" \/>\n<meta property=\"og:image\" content=\"https:\/\/tunamedicinagranada.com\/wp-content\/uploads\/2018\/09\/tuna-granada-3.jpg\" \/>\n\t<meta property=\"og:image:width\" content=\"1150\" \/>\n\t<meta property=\"og:image:height\" content=\"527\" \/>\n\t<meta property=\"og:image:type\" content=\"image\/jpeg\" \/>\n<meta name=\"twitter:card\" content=\"summary_large_image\" \/>\n<meta name=\"twitter:label1\" content=\"Tiempo de lectura\" \/>\n\t<meta name=\"twitter:data1\" content=\"3 minutos\" \/>\n<script type=\"application\/ld+json\" class=\"yoast-schema-graph\">{\"@context\":\"https:\/\/schema.org\",\"@graph\":[{\"@type\":\"WebPage\",\"@id\":\"https:\/\/tunamedicinagranada.com\/?page_id=2\",\"url\":\"https:\/\/tunamedicinagranada.com\/?page_id=2\",\"name\":\"\u00a1\u00daNETE! - TUNA DE MEDICINA\",\"isPartOf\":{\"@id\":\"https:\/\/tunamedicinagranada.com\/#website\"},\"datePublished\":\"2016-05-10T03:48:21+00:00\",\"dateModified\":\"2019-02-18T20:10:49+00:00\",\"breadcrumb\":{\"@id\":\"https:\/\/tunamedicinagranada.com\/?page_id=2#breadcrumb\"},\"inLanguage\":\"es\",\"potentialAction\":[{\"@type\":\"ReadAction\",\"target\":[\"https:\/\/tunamedicinagranada.com\/?page_id=2\"]}]},{\"@type\":\"BreadcrumbList\",\"@id\":\"https:\/\/tunamedicinagranada.com\/?page_id=2#breadcrumb\",\"itemListElement\":[{\"@type\":\"ListItem\",\"position\":1,\"name\":\"Portada\",\"item\":\"https:\/\/tunamedicinagranada.com\/\"},{\"@type\":\"ListItem\",\"position\":2,\"name\":\"\u00a1\u00daNETE!\"}]},{\"@type\":\"WebSite\",\"@id\":\"https:\/\/tunamedicinagranada.com\/#website\",\"url\":\"https:\/\/tunamedicinagranada.com\/\",\"name\":\"TUNA DE MEDICINA\",\"description\":\"TUNA DE GRANADA\",\"publisher\":{\"@id\":\"https:\/\/tunamedicinagranada.com\/#organization\"},\"potentialAction\":[{\"@type\":\"SearchAction\",\"target\":{\"@type\":\"EntryPoint\",\"urlTemplate\":\"https:\/\/tunamedicinagranada.com\/?s={search_term_string}\"},\"query-input\":\"required name=search_term_string\"}],\"inLanguage\":\"es\"},{\"@type\":\"Organization\",\"@id\":\"https:\/\/tunamedicinagranada.com\/#organization\",\"name\":\"Tuna Medicina Granada\",\"url\":\"https:\/\/tunamedicinagranada.com\/\",\"logo\":{\"@type\":\"ImageObject\",\"inLanguage\":\"es\",\"@id\":\"https:\/\/tunamedicinagranada.com\/#\/schema\/logo\/image\/\",\"url\":\"https:\/\/tunamedicinagranada.com\/wp-content\/uploads\/2018\/08\/Portada-Tuna-Medicina.jpg.jpg\",\"contentUrl\":\"https:\/\/tunamedicinagranada.com\/wp-content\/uploads\/2018\/08\/Portada-Tuna-Medicina.jpg.jpg\",\"width\":1929,\"height\":1888,\"caption\":\"Tuna Medicina Granada\"},\"image\":{\"@id\":\"https:\/\/tunamedicinagranada.com\/#\/schema\/logo\/image\/\"},\"sameAs\":[\"https:\/\/www.instagram.com\/tunamedicinagranada\/?hl=es\",\"https:\/\/www.youtube.com\/user\/Tunamedicinagranada\",\"https:\/\/www.facebook.com\/tunamedicinagranada1\"]}]}<\/script>\n<!-- \/ Yoast SEO plugin. -->","yoast_head_json":{"title":"\u00a1\u00daNETE! - TUNA DE MEDICINA","robots":{"index":"index","follow":"follow","max-snippet":"max-snippet:-1","max-image-preview":"max-image-preview:large","max-video-preview":"max-video-preview:-1"},"canonical":"https:\/\/tunamedicinagranada.com\/?page_id=2","og_locale":"es_ES","og_type":"article","og_title":"\u00a1\u00daNETE! - TUNA DE MEDICINA","og_description":"A las futuras generaciones. \u00a0\u00abAunque se avecinen tiempos en los que parezca que salir vestido de tuno no sea la mejor opci\u00f3n, no os dej\u00e9is influir y permit\u00e1is que esta gran instituci\u00f3n muera, porque le estar\u00e9is robando a los que os suceden a\u00f1os de grandes aventuras en viajes por el mundo, miles de historias que&hellip; Leer m\u00e1s","og_url":"https:\/\/tunamedicinagranada.com\/?page_id=2","og_site_name":"TUNA DE MEDICINA","article_publisher":"https:\/\/www.facebook.com\/tunamedicinagranada1","article_modified_time":"2019-02-18T20:10:49+00:00","og_image":[{"width":1150,"height":527,"url":"https:\/\/tunamedicinagranada.com\/wp-content\/uploads\/2018\/09\/tuna-granada-3.jpg","type":"image\/jpeg"}],"twitter_card":"summary_large_image","twitter_misc":{"Tiempo de lectura":"3 minutos"},"schema":{"@context":"https:\/\/schema.org","@graph":[{"@type":"WebPage","@id":"https:\/\/tunamedicinagranada.com\/?page_id=2","url":"https:\/\/tunamedicinagranada.com\/?page_id=2","name":"\u00a1\u00daNETE! - TUNA DE MEDICINA","isPartOf":{"@id":"https:\/\/tunamedicinagranada.com\/#website"},"datePublished":"2016-05-10T03:48:21+00:00","dateModified":"2019-02-18T20:10:49+00:00","breadcrumb":{"@id":"https:\/\/tunamedicinagranada.com\/?page_id=2#breadcrumb"},"inLanguage":"es","potentialAction":[{"@type":"ReadAction","target":["https:\/\/tunamedicinagranada.com\/?page_id=2"]}]},{"@type":"BreadcrumbList","@id":"https:\/\/tunamedicinagranada.com\/?page_id=2#breadcrumb","itemListElement":[{"@type":"ListItem","position":1,"name":"Portada","item":"https:\/\/tunamedicinagranada.com\/"},{"@type":"ListItem","position":2,"name":"\u00a1\u00daNETE!"}]},{"@type":"WebSite","@id":"https:\/\/tunamedicinagranada.com\/#website","url":"https:\/\/tunamedicinagranada.com\/","name":"TUNA DE MEDICINA","description":"TUNA DE GRANADA","publisher":{"@id":"https:\/\/tunamedicinagranada.com\/#organization"},"potentialAction":[{"@type":"SearchAction","target":{"@type":"EntryPoint","urlTemplate":"https:\/\/tunamedicinagranada.com\/?s={search_term_string}"},"query-input":"required name=search_term_string"}],"inLanguage":"es"},{"@type":"Organization","@id":"https:\/\/tunamedicinagranada.com\/#organization","name":"Tuna Medicina Granada","url":"https:\/\/tunamedicinagranada.com\/","logo":{"@type":"ImageObject","inLanguage":"es","@id":"https:\/\/tunamedicinagranada.com\/#\/schema\/logo\/image\/","url":"https:\/\/tunamedicinagranada.com\/wp-content\/uploads\/2018\/08\/Portada-Tuna-Medicina.jpg.jpg","contentUrl":"https:\/\/tunamedicinagranada.com\/wp-content\/uploads\/2018\/08\/Portada-Tuna-Medicina.jpg.jpg","width":1929,"height":1888,"caption":"Tuna Medicina Granada"},"image":{"@id":"https:\/\/tunamedicinagranada.com\/#\/schema\/logo\/image\/"},"sameAs":["https:\/\/www.instagram.com\/tunamedicinagranada\/?hl=es","https:\/\/www.youtube.com\/user\/Tunamedicinagranada","https:\/\/www.facebook.com\/tunamedicinagranada1"]}]}},"jetpack_sharing_enabled":true,"jetpack_shortlink":"https:\/\/wp.me\/PaJoFd-2","_links":{"self":[{"href":"https:\/\/tunamedicinagranada.com\/index.php?rest_route=\/wp\/v2\/pages\/2"}],"collection":[{"href":"https:\/\/tunamedicinagranada.com\/index.php?rest_route=\/wp\/v2\/pages"}],"about":[{"href":"https:\/\/tunamedicinagranada.com\/index.php?rest_route=\/wp\/v2\/types\/page"}],"author":[{"embeddable":true,"href":"https:\/\/tunamedicinagranada.com\/index.php?rest_route=\/wp\/v2\/users\/1"}],"replies":[{"embeddable":true,"href":"https:\/\/tunamedicinagranada.com\/index.php?rest_route=%2Fwp%2Fv2%2Fcomments&post=2"}],"version-history":[{"count":6,"href":"https:\/\/tunamedicinagranada.com\/index.php?rest_route=\/wp\/v2\/pages\/2\/revisions"}],"predecessor-version":[{"id":153,"href":"https:\/\/tunamedicinagranada.com\/index.php?rest_route=\/wp\/v2\/pages\/2\/revisions\/153"}],"wp:featuredmedia":[{"embeddable":true,"href":"https:\/\/tunamedicinagranada.com\/index.php?rest_route=\/wp\/v2\/media\/89"}],"wp:attachment":[{"href":"https:\/\/tunamedicinagranada.com\/index.php?rest_route=%2Fwp%2Fv2%2Fmedia&parent=2"}],"curies":[{"name":"wp","href":"https:\/\/api.w.org\/{rel}","templated":true}]}}