{"id":11,"date":"2018-08-30T21:22:17","date_gmt":"2018-08-30T21:22:17","guid":{"rendered":"https:\/\/tunamedicinagranada.com\/?page_id=11"},"modified":"2024-05-06T18:53:07","modified_gmt":"2024-05-06T18:53:07","slug":"one-page-express","status":"publish","type":"page","link":"https:\/\/tunamedicinagranada.com\/","title":{"rendered":"INICIO"},"content":{"rendered":"<div  id=\"overlapable-2\" class=\"features-coloured-icon-boxes-section\" style=\"background-color: #ffffff;\" data-label=\"Overlapable\" data-id=\"stripped-coloured-icon-boxes\" data-category=\"overlapable\" data-overlap=\"true\">\n<div  class=\"gridContainer\">\n<div  class=\"features-coloured-icon-boxes-innerrow flexbox-list dark-text\" data-type=\"row\">\n<div  class=\"features-coloured-icon-boxes-featurecol cp3cols\">\n<div  class=\"features-coloured-icon-boxes-iconcontainer\" data-content-item-container=\"true\"><\/div>\n<h4  class=\"\">CONTACTO<\/h4>\n<p  class=\"\">Contacta con nosotros para lo que necesite: celebraciones, eventos, actos ben\u00e9ficos, etc. \u00a1Estamos a su disposici\u00f3n!<\/p>\n<a class=\"features-coloured-button\" href=\"https:\/\/tunamedicinagranada.com?page_id=47\" target=\"_self\" rel=\"noopener noreferrer\">LEER M\u00c1S<\/a>\n\n<\/div>\n<div  class=\"features-coloured-icon-boxes-featurecol cp3cols\">\n<div  class=\"features-coloured-icon-boxes-iconcontainer\" data-content-item-container=\"true\"><\/div>\n<h4  class=\"\">SOBRE NOSOTROS<\/h4>\n<p  class=\"\">\u00bfQuieres conocer cu\u00e1les son nuestras actividades, costumbres y saber algo m\u00e1s sobre la tuna? \u00a1Pincha aqu\u00ed!<\/p>\n<a class=\"features-coloured-button\" href=\"https:\/\/tunamedicinagranada.com?page_id=32\" target=\"_self\" rel=\"noopener noreferrer\">LEER M\u00c1S<\/a>\n\n<\/div>\n<div  class=\"features-coloured-icon-boxes-featurecol cp3cols\">\n<div  class=\"features-coloured-icon-boxes-iconcontainer\" data-content-item-container=\"true\"><\/div>\n<h4  class=\"\">\u00a1\u00daNETE!<\/h4>\n<p  class=\"\">\u00bfQuieres unirte a nosotros y formar parte de la Tuna de Medicina de Granada y sus aventuras? Inf\u00f3rmate pinchando aqu\u00ed.<\/p>\n<a class=\"features-coloured-button\" href=\"#\" target=\"_self\" rel=\"noopener noreferrer\">LEER M\u00c1S<\/a>\n\n<\/div>\n<div  class=\"features-coloured-icon-boxes-featurecol cp3cols\">\n<div  class=\"features-coloured-icon-boxes-iconcontainer\" data-content-item-container=\"true\"><\/div>\n<h4  class=\"\">NUESTRAS AVENTURAS<\/h4>\n<p  class=\"\">Blog sobre nuestras escapadas, actos, eventos, viajes, cert\u00e1menes, an\u00e9cdotas, v\u00eddeos y mucho m\u00e1s\u2026<\/p>\n<a class=\"features-coloured-button\" href=\"https:\/\/tunamedicinagranada.com?page_id=12#https:\/\/tunamedicinagranada.com\/?page_id=12\" target=\"_self\" rel=\"noopener noreferrer\">LEER M\u00c1S<\/a>\n\n<\/div>\n<\/div>\n<\/div>\n<\/div><div  id=\"about-1\" class=\"about-big-images-section\" style=\"background-color: #f6f6f6;\" data-label=\"About\" data-id=\"about-big-images-section\" data-category=\"about\">\n<div  class=\"gridContainer\">\n<div  class=\"about-big-images-textrow\">\n<div  class=\"about-big-images-textcol dynamic-color\" data-type=\"column\">\n<h5  class=\"\">TUNA MEDICINA GRANADA<\/h5>\n<h3  class=\"\">Una Tuna llena de Historia, \u00bfquieres escribirla con nosotros?<\/h3>\n<p  class=\"\">Imagina poder viajar por el mundo sin necesidad de invertir grandes sumas de dinero, aprender a tocar un instrumento musical sin la necesidad de pagarle a un profesor, vivir verdaderas aventuras a trav\u00e9s de la m\u00fasica. \u00a1Bienvenido!<\/p>\n<a class=\"button blue big\" href=\"https:\/\/tunamedicinagranada.com?page_id=2\" target=\"_self\" rel=\"noopener noreferrer\">\u00a1\u00daNETE!<\/a>\n\n<\/div>\n<\/div>\n<\/div>\n<div  class=\"about-big-images-bottomrow\">\n<div  class=\"about-big-images-leftimgcol\"><img  decoding=\"async\" class=\"about-big-images-leftimg\" src=\"https:\/\/tunamedicinagranada.com\/wp-content\/plugins\/one-page-express-companion\/theme-data\/one-page-express\/sections\/images\/nordwood-themes-180852.jpg\"><\/div>\n<div  class=\"about-big-images-centerimgcol\"><img  decoding=\"async\" class=\"about-big-images-centerimg\" src=\"https:\/\/tunamedicinagranada.com\/wp-content\/uploads\/2018\/09\/foto2_cd.jpg\"><\/div>\n<div  class=\"about-big-images-rightimgcol\"><img  decoding=\"async\" class=\"about-big-images-rightimg\" src=\"https:\/\/tunamedicinagranada.com\/wp-content\/uploads\/2018\/09\/IMG-20150616-WA0005.jpg\"><\/div>\n<\/div>\n<\/div><div  id=\"content-3\" class=\"content-left-image-section\" style=\"background-color: #ffffff;\" data-label=\"Content\" data-id=\"content-image-left\" data-category=\"content\">\n<div  class=\"gridContainer\">\n<div  class=\"row\">\n<div  class=\"content-left-image-imgcol\" data-type=\"column\"><img  decoding=\"async\" class=\"\" src=\"https:\/\/tunamedicinagranada.com\/wp-content\/uploads\/2018\/09\/Entrada-Nueva-Facultad-Medicina-PTS-UGR-552x310.jpg\"><\/div>\n<div  class=\"content-left-image-textcol dynamic-color\" data-type=\"column\">\n<h2  class=\"\">Comprometidos con nuestra Facultad<\/h2>\n<p  class=\"large_text\">Nuestro compromiso con la Facultad es uno de nuestros pilares. Pod\u00e9is contactar con nosotros a trav\u00e9s de ella. Son muchos los actos oficiales en los que la Tuna ha hecho su aparici\u00f3n en la Facultad: congresos, recepciones, actos honor\u00edficos, etc.<\/p>\n<a class=\"button blue\" href=\"https:\/\/tunamedicinagranada.com\/www.ugr.es\/~facmed\" target=\"_self\" rel=\"noopener noreferrer\"> FACULTAD <\/a>\n\n<\/div>\n<\/div>\n<\/div>\n<\/div><div  id=\"content-4\" class=\"content-right-image-section\" style=\"background-color: #f6f6f6;\" data-label=\"Content\" data-id=\"content-image-right\" data-category=\"content\">\n<div  class=\"gridContainer\">\n<div  class=\"content-right-image-gridcol\">\n<div  class=\"content-right-image-textcol dynamic-color\" data-type=\"column\">\n<h2  class=\"\">ALEGR\u00cdA DE VIVIR<\/h2>\n<p  class=\"large_text\">La m\u00fasica es el mejor regalo para ti y para los dem\u00e1s cuando las palabras no alcanzar a expresar lo que siente el coraz\u00f3n, por eso en la Tuna nos tomamos tan en serio lo que hacemos y aprovechamos los momentos de reuni\u00f3n para abrirnos a expresar aquello que llevamos dentro. Te animamos a que nos conozcas y te unas a nuestra alegr\u00eda, ya sea formando parte de nuestra hermandad o bien disfrutando de nuestras canciones.<\/p>\n<a class=\"button blue\" href=\"https:\/\/tunamedicinagranada.com?page_id=32\" target=\"_self\" rel=\"noopener noreferrer\"> LEER M\u00c1S <\/a>\n\n<\/div>\n<div  class=\"content-right-image-imgcol\" data-type=\"column\"><img  decoding=\"async\" class=\"\" src=\"https:\/\/tunamedicinagranada.com\/wp-content\/uploads\/2018\/09\/tuna-granada-7.jpg\"><\/div>\n<\/div>\n<\/div>\n<\/div><div  id=\"testimonials-1\" class=\"testimonials-boxed-section\" style=\"background-color: #f6f6f6;\" data-label=\"Testimonials\" data-id=\"testimonials-boxed-section\" data-category=\"testimonials\">\n<div  class=\"gridContainer\">\n<div  class=\"testimonials-boxed-textcol dynamic-color\" data-type=\"column\">\n<h2  class=\"\">Qu\u00e9 dicen nuestros clientes y amigos sobre nosotros<\/h2>\n<p  class=\"\">Despu\u00e9s de muchos a\u00f1os de andanzas y cuerdas desgastadas son estas las emociones evocadas, recuerdos y an\u00e9cdotas que cuentan sobre nosotros nuestra querida gente:<\/p>\n\n<\/div>\n<div  class=\"testimonials-boxed-itemsrow dark-text\" data-type=\"row\">\n<div  class=\"testimonials-boxed-itemcol cp4cols cp6cols-tablet\">\n<div  class=\"testimonials-boxed-itemcard\" data-type=\"column\">\n<h4  class=\"testimonials-boxed-itemtext\">\u201cPara m\u00ed, no hubieran sido lo mismo mi etapa universitaria en Granada sin la tuna de medicina. Desde mi primer a\u00f1o all\u00ed y hasta el \u00faltimo acompa\u00f1\u00f3 todos los momentos especiales que all\u00ed viv\u00ed haci\u00e9ndolos m\u00e1gicos. El romanticismo y amor puesto en cada canci\u00f3n hacia que todas nosotras nos sinti\u00e9ramos especiales y las salidas con nuestros tunos al bar Cebollas, m\u00e1s las canciones que nos dedicaban bajo nuestros balcones crearon momentos m\u00e1gicos que nos acompa\u00f1ar\u00e1n siempre y que sin duda marcar\u00e1n uno de los m\u00e1s grandes recuerdos en mi vida. Gracias a esta tuna por su humildad, sencillez, forma de tratar a todo el mundo y sobretodo, por hacerte sentir a gusto en cada fiesta y crear un hogar en cada persona que disfruta realmente del ambiente tunil. Siempre agradecida.\u201d<\/h4>\n<img  decoding=\"async\" class=\"testimonials-boxed-itemimg\" src=\"https:\/\/tunamedicinagranada.com\/wp-content\/uploads\/2018\/09\/cropped-IMG-20180922-WA0012.jpg\" data-size=\"500x500\">\n<h5  class=\"testimonials-boxed-itemname\">Adriana Guill\u00e9n<\/h5>\n<\/div>\n<\/div>\n<div  class=\"testimonials-boxed-itemcol cp4cols cp6cols-tablet\">\n<div  class=\"testimonials-boxed-itemcard\" data-type=\"column\">\n<h4  class=\"testimonials-boxed-itemtext\">\u201cEs incre\u00edble la energ\u00eda que desprende este grupo. No los conoc\u00eda, ni a ellos ni a la Tuna en general, pero una vez que v\u00ed su buen rollo, escuch\u00e9 su m\u00fasica y disfrut\u00e9 de sus originales brindis siempre me ha agradado su compa\u00f1\u00eda. Son espectaculares y completamente recomendables. Les mando todo mi apoyo en forma de este comentario. \u00a1Hasta pronto!\u201d<\/h4>\n<img  decoding=\"async\" class=\"testimonials-boxed-itemimg\" src=\"https:\/\/tunamedicinagranada.com\/wp-content\/plugins\/one-page-express-companion\/theme-data\/one-page-express\/sections\/images\/face9.jpg\" data-size=\"500x500\">\n<h5  class=\"testimonials-boxed-itemname\">Tom\u00e1s Fern\u00e1ndez<\/h5>\n<\/div>\n<\/div>\n<div  class=\"testimonials-boxed-itemcol cp4cols cp6cols-tablet\">\n<div  class=\"testimonials-boxed-itemcard\" data-type=\"column\">\n<h4  class=\"testimonials-boxed-itemtext\">\u201c\u00bfQue ha significado la Tuna de Medicina para m\u00ed? Muy dif\u00edcil pregunta qu\u00e9 responder, la Tuna de Medicina de Granada me ha dado personalmente la vida en mi etapa universitaria, cuando me preguntan recuerdos sale el colegio ligado completamente a la Tuna con sus rondas, visitas al Cebollas, y alguna canci\u00f3n que otra en el amanecer en el mirador, me salen risas, emociones y amistades, ambiente de alegr\u00eda plena y como no compromiso y profesionales !!! VIVA LA TUNA !!! \u00a1Os quiero!\u201d<\/h4>\n<img  decoding=\"async\" class=\"testimonials-boxed-itemimg\" src=\"https:\/\/tunamedicinagranada.com\/wp-content\/uploads\/2018\/09\/cropped-IMG-20180923-WA0052.jpg\" data-size=\"500x500\">\n<h5  class=\"testimonials-boxed-itemname\">Mar\u00eda Navarro<\/h5>\n<\/div>\n<\/div>\n<\/div>\n<\/div>\n<\/div><div  id=\"cta-1\" class=\"cta-blue-section\" data-label=\"Call to action\" data-id=\"cta-blue-section\" data-category=\"cta\">\n<div  class=\"gridContainer\">\n<div  class=\"flexbox-list flexbox-list-align-center row\">\n<div  class=\"cta-blue-textcol dynamic-color\">\n<h2  class=\"cta-blue-text\"><b >CONT\u00c1CTANOS PARA TU PR\u00d3XIMO EVENTO<\/b><\/h2>\n<\/div>\n<div  class=\"cta-blue-btncol\"><a class=\"button big yellow dark-text\" href=\"https:\/\/tunamedicinagranada.com?page_id=47\" target=\"_self\" rel=\"noopener noreferrer\"> CONTACTO <\/a><\/div>\n<\/div>\n<\/div>\n<\/div><div  id=\"numbers\" class=\"numbers-section\" data-label=\"Numbers\" data-id=\"numbers-section\" data-category=\"numbers\" data-bg=\"transparent\" data-parallax-depth=\"20\">\n<div  class=\"gridContainer dynamic-color\">\n<div  class=\"numbers-itemcol\">\n<h2  class=\"numbers-numbertext\">64<\/h2>\n<h3  class=\"numbers-titletext\">EM\u00c9RITOS<\/h3>\n<\/div>\n<div  class=\"numbers-itemcol\">\n<h2  class=\"numbers-numbertext\">18<\/h2>\n<h3  class=\"numbers-titletext\">TUNA ACTIVA<\/h3>\n<\/div>\n<div  class=\"numbers-itemcol-last\">\n<h2  class=\"numbers-numbertext\">12<\/h2>\n<h3  class=\"numbers-titletext\">NOVICIOS<\/h3>\n<\/div>\n<\/div>\n<\/div><div  id=\"latest-posts\" class=\"blog-section\" style=\"background-color: #ffffff;\" data-label=\"Latest posts\" data-id=\"blog-section\" data-category=\"latest_news\">\n<div  class=\"gridContainer\">\n<div  class=\"blog-textrow\">\n<div  class=\"blog-textcol dynamic-color\" data-type=\"column\">\n<h2  class=\"\">\u00daltimas noticias<\/h2>\n<p  class=\"\">Conoce nuestras \u00faltimas actividades o aquellas que estamos por realiazar. Puedes verlas aqu\u00ed abajo o bien pinchando en el siguiente enlace.<\/p>\n<a class=\"\" href=\"https:\/\/tunamedicinagranada.com?page_id=12\" target=\"_self\" rel=\"noopener noreferrer\">VER M\u00c1S<\/a>\n\n<\/div>\n<\/div>\n<div  class=\"blog-postsrow dark-text\" data-type=\"row\" data-dynamic-columns=\"one_page_express_latest_news_columns\" data-content-shortcode=\"one_page_express_latest_news\">            <div id=\"post-60\" class=\"blog-postcol cp4cols\">\r\n            <div class=\"post-content\">\r\n                                <div class=\"row_345\">\r\n                    <h3 class=\"blog-title\">\r\n                        <a href=\"https:\/\/tunamedicinagranada.com\/?p=60\" rel=\"bookmark\">\r\n                            CERTAMEN NACIONAL DE TUNAS DE MEDICINA EN SALAMANCA                        <\/a>\r\n                    <\/h3>\r\n                    <p>ESO ESSS<\/p>\n                    <a class=\"button blue small\" href=\"https:\/\/tunamedicinagranada.com\/?p=60\">\r\n                        <span data-theme=\"one_page_express_latest_news_read_more\">Read more<\/span>\r\n                    <\/a>\r\n                    <hr class=\"blog-separator\">\n<div class=\"post-header\">\n    <i class=\"font-icon-post fa fa-user\"><\/i>\n    <a href=\"https:\/\/tunamedicinagranada.com\/?author=1\" title=\"Entradas de tunaalgeciraslalinea_zx181v07\" rel=\"author\">tunaalgeciraslalinea_zx181v07<\/a>    <i class=\"font-icon-post fa fa-calendar\"><\/i>\n    <span class=\"span12\">septiembre 5, 2018<\/span>\n\n    <i class=\"font-icon-post fa fa-comment-o\"><\/i>\n    <span>2<\/span>\n<\/div>                <\/div>\r\n            <\/div>\r\n        <\/div>\r\n        <\/div>\n<div  class=\"blog-textcol\"><a class=\"button blue\" href=\"https:\/\/tunamedicinagranada.com\/?page_id=12\" target=\"_self\" data-attr-shortcode=\"href:one_page_express_blog_link\" rel=\"noopener noreferrer\">VER TODO EL BLOG<\/a><\/div>\n<\/div>\n<\/div><div  id=\"contact-4\" class=\"contact-section-formsection white-text\" data-label=\"Contact\" data-id=\"contact-section\" data-category=\"contact\" data-bg=\"transparent\">\n<div  class=\"gridContainer\">\n<div  class=\"row_224\">\n<div  class=\"contact-textrow\">\n<div  class=\"contact-textcol dynamic-color\">\n<h2  class=\"\">COMENTARIOS<\/h2>\n<p  class=\"white_text\">Puedes dejarnos aqu\u00ed tus comentarios, ya sea para compartir buenos momentos que hayas vivido con nosotros, canciones que te hayan gustado, \u00e1nimo para nuestros cert\u00e1menes y actividades, etc.<\/p>\n\n<\/div>\n<\/div>\n<\/div>\n<div  class=\"contact-formcol\" data-content-shortcode=\"one_page_express_contact_form\" data-editable=\"true\"><p style=\"text-align:center;color:#ababab\">Contact form will be displayed here. To activate it you have to click this area and set the shortcode parameter in Customizer.<\/p><\/div>\n<\/div>\n<\/div>","protected":false},"excerpt":{"rendered":"<p>CONTACTO Contacta con nosotros para lo que necesite: celebraciones, eventos, actos ben\u00e9ficos, etc. \u00a1Estamos a su disposici\u00f3n! LEER M\u00c1S SOBRE NOSOTROS \u00bfQuieres conocer cu\u00e1les son nuestras actividades, costumbres y saber algo m\u00e1s sobre la tuna? \u00a1Pincha aqu\u00ed! LEER M\u00c1S \u00a1\u00daNETE! \u00bfQuieres unirte a nosotros y formar parte de la Tuna de Medicina de Granada y&hellip; <br \/> <a class=\"button small blue\" href=\"https:\/\/tunamedicinagranada.com\/?p=60\">Leer m\u00e1s<\/a><\/p>\n","protected":false},"author":1,"featured_media":0,"parent":0,"menu_order":0,"comment_status":"closed","ping_status":"closed","template":"","meta":{"jetpack_post_was_ever_published":false},"yoast_head":"<!-- This site is optimized with the Yoast SEO plugin v19.13 - https:\/\/yoast.com\/wordpress\/plugins\/seo\/ -->\n<title>INICIO - TUNA DE MEDICINA<\/title>\n<meta name=\"robots\" content=\"index, follow, max-snippet:-1, max-image-preview:large, max-video-preview:-1\" \/>\n<link rel=\"canonical\" href=\"https:\/\/tunamedicinagranada.com\/\" \/>\n<meta property=\"og:locale\" content=\"es_ES\" \/>\n<meta property=\"og:type\" content=\"article\" \/>\n<meta property=\"og:title\" content=\"INICIO - TUNA DE MEDICINA\" \/>\n<meta property=\"og:description\" content=\"CONTACTO Contacta con nosotros para lo que necesite: celebraciones, eventos, actos ben\u00e9ficos, etc. \u00a1Estamos a su disposici\u00f3n! LEER M\u00c1S SOBRE NOSOTROS \u00bfQuieres conocer cu\u00e1les son nuestras actividades, costumbres y saber algo m\u00e1s sobre la tuna? \u00a1Pincha aqu\u00ed! LEER M\u00c1S \u00a1\u00daNETE! \u00bfQuieres unirte a nosotros y formar parte de la Tuna de Medicina de Granada y&hellip; Leer m\u00e1s\" \/>\n<meta property=\"og:url\" content=\"https:\/\/tunamedicinagranada.com\/\" \/>\n<meta property=\"og:site_name\" content=\"TUNA DE MEDICINA\" \/>\n<meta property=\"article:publisher\" content=\"https:\/\/www.facebook.com\/tunamedicinagranada1\" \/>\n<meta property=\"article:modified_time\" content=\"2024-05-06T18:53:07+00:00\" \/>\n<meta property=\"og:image\" content=\"https:\/\/tunamedicinagranada.com\/wp-content\/plugins\/one-page-express-companion\/theme-data\/one-page-express\/sections\/images\/nordwood-themes-180852.jpg\" \/>\n<meta name=\"twitter:card\" content=\"summary_large_image\" \/>\n<meta name=\"twitter:label1\" content=\"Tiempo de lectura\" \/>\n\t<meta name=\"twitter:data1\" content=\"3 minutos\" \/>\n<script type=\"application\/ld+json\" class=\"yoast-schema-graph\">{\"@context\":\"https:\/\/schema.org\",\"@graph\":[{\"@type\":\"WebPage\",\"@id\":\"https:\/\/tunamedicinagranada.com\/\",\"url\":\"https:\/\/tunamedicinagranada.com\/\",\"name\":\"INICIO - TUNA DE MEDICINA\",\"isPartOf\":{\"@id\":\"https:\/\/tunamedicinagranada.com\/#website\"},\"datePublished\":\"2018-08-30T21:22:17+00:00\",\"dateModified\":\"2024-05-06T18:53:07+00:00\",\"breadcrumb\":{\"@id\":\"https:\/\/tunamedicinagranada.com\/#breadcrumb\"},\"inLanguage\":\"es\",\"potentialAction\":[{\"@type\":\"ReadAction\",\"target\":[\"https:\/\/tunamedicinagranada.com\/\"]}]},{\"@type\":\"BreadcrumbList\",\"@id\":\"https:\/\/tunamedicinagranada.com\/#breadcrumb\",\"itemListElement\":[{\"@type\":\"ListItem\",\"position\":1,\"name\":\"Portada\",\"item\":\"https:\/\/tunamedicinagranada.com\/\"},{\"@type\":\"ListItem\",\"position\":2,\"name\":\"INICIO\"}]},{\"@type\":\"WebSite\",\"@id\":\"https:\/\/tunamedicinagranada.com\/#website\",\"url\":\"https:\/\/tunamedicinagranada.com\/\",\"name\":\"TUNA DE MEDICINA\",\"description\":\"TUNA DE GRANADA\",\"publisher\":{\"@id\":\"https:\/\/tunamedicinagranada.com\/#organization\"},\"potentialAction\":[{\"@type\":\"SearchAction\",\"target\":{\"@type\":\"EntryPoint\",\"urlTemplate\":\"https:\/\/tunamedicinagranada.com\/?s={search_term_string}\"},\"query-input\":\"required name=search_term_string\"}],\"inLanguage\":\"es\"},{\"@type\":\"Organization\",\"@id\":\"https:\/\/tunamedicinagranada.com\/#organization\",\"name\":\"Tuna Medicina Granada\",\"url\":\"https:\/\/tunamedicinagranada.com\/\",\"logo\":{\"@type\":\"ImageObject\",\"inLanguage\":\"es\",\"@id\":\"https:\/\/tunamedicinagranada.com\/#\/schema\/logo\/image\/\",\"url\":\"https:\/\/tunamedicinagranada.com\/wp-content\/uploads\/2018\/08\/Portada-Tuna-Medicina.jpg.jpg\",\"contentUrl\":\"https:\/\/tunamedicinagranada.com\/wp-content\/uploads\/2018\/08\/Portada-Tuna-Medicina.jpg.jpg\",\"width\":1929,\"height\":1888,\"caption\":\"Tuna Medicina Granada\"},\"image\":{\"@id\":\"https:\/\/tunamedicinagranada.com\/#\/schema\/logo\/image\/\"},\"sameAs\":[\"https:\/\/www.instagram.com\/tunamedicinagranada\/?hl=es\",\"https:\/\/www.youtube.com\/user\/Tunamedicinagranada\",\"https:\/\/www.facebook.com\/tunamedicinagranada1\"]}]}<\/script>\n<!-- \/ Yoast SEO plugin. -->","yoast_head_json":{"title":"INICIO - TUNA DE MEDICINA","robots":{"index":"index","follow":"follow","max-snippet":"max-snippet:-1","max-image-preview":"max-image-preview:large","max-video-preview":"max-video-preview:-1"},"canonical":"https:\/\/tunamedicinagranada.com\/","og_locale":"es_ES","og_type":"article","og_title":"INICIO - TUNA DE MEDICINA","og_description":"CONTACTO Contacta con nosotros para lo que necesite: celebraciones, eventos, actos ben\u00e9ficos, etc. \u00a1Estamos a su disposici\u00f3n! LEER M\u00c1S SOBRE NOSOTROS \u00bfQuieres conocer cu\u00e1les son nuestras actividades, costumbres y saber algo m\u00e1s sobre la tuna? \u00a1Pincha aqu\u00ed! LEER M\u00c1S \u00a1\u00daNETE! \u00bfQuieres unirte a nosotros y formar parte de la Tuna de Medicina de Granada y&hellip; Leer m\u00e1s","og_url":"https:\/\/tunamedicinagranada.com\/","og_site_name":"TUNA DE MEDICINA","article_publisher":"https:\/\/www.facebook.com\/tunamedicinagranada1","article_modified_time":"2024-05-06T18:53:07+00:00","og_image":[{"url":"https:\/\/tunamedicinagranada.com\/wp-content\/plugins\/one-page-express-companion\/theme-data\/one-page-express\/sections\/images\/nordwood-themes-180852.jpg"}],"twitter_card":"summary_large_image","twitter_misc":{"Tiempo de lectura":"3 minutos"},"schema":{"@context":"https:\/\/schema.org","@graph":[{"@type":"WebPage","@id":"https:\/\/tunamedicinagranada.com\/","url":"https:\/\/tunamedicinagranada.com\/","name":"INICIO - TUNA DE MEDICINA","isPartOf":{"@id":"https:\/\/tunamedicinagranada.com\/#website"},"datePublished":"2018-08-30T21:22:17+00:00","dateModified":"2024-05-06T18:53:07+00:00","breadcrumb":{"@id":"https:\/\/tunamedicinagranada.com\/#breadcrumb"},"inLanguage":"es","potentialAction":[{"@type":"ReadAction","target":["https:\/\/tunamedicinagranada.com\/"]}]},{"@type":"BreadcrumbList","@id":"https:\/\/tunamedicinagranada.com\/#breadcrumb","itemListElement":[{"@type":"ListItem","position":1,"name":"Portada","item":"https:\/\/tunamedicinagranada.com\/"},{"@type":"ListItem","position":2,"name":"INICIO"}]},{"@type":"WebSite","@id":"https:\/\/tunamedicinagranada.com\/#website","url":"https:\/\/tunamedicinagranada.com\/","name":"TUNA DE MEDICINA","description":"TUNA DE GRANADA","publisher":{"@id":"https:\/\/tunamedicinagranada.com\/#organization"},"potentialAction":[{"@type":"SearchAction","target":{"@type":"EntryPoint","urlTemplate":"https:\/\/tunamedicinagranada.com\/?s={search_term_string}"},"query-input":"required name=search_term_string"}],"inLanguage":"es"},{"@type":"Organization","@id":"https:\/\/tunamedicinagranada.com\/#organization","name":"Tuna Medicina Granada","url":"https:\/\/tunamedicinagranada.com\/","logo":{"@type":"ImageObject","inLanguage":"es","@id":"https:\/\/tunamedicinagranada.com\/#\/schema\/logo\/image\/","url":"https:\/\/tunamedicinagranada.com\/wp-content\/uploads\/2018\/08\/Portada-Tuna-Medicina.jpg.jpg","contentUrl":"https:\/\/tunamedicinagranada.com\/wp-content\/uploads\/2018\/08\/Portada-Tuna-Medicina.jpg.jpg","width":1929,"height":1888,"caption":"Tuna Medicina Granada"},"image":{"@id":"https:\/\/tunamedicinagranada.com\/#\/schema\/logo\/image\/"},"sameAs":["https:\/\/www.instagram.com\/tunamedicinagranada\/?hl=es","https:\/\/www.youtube.com\/user\/Tunamedicinagranada","https:\/\/www.facebook.com\/tunamedicinagranada1"]}]}},"jetpack_sharing_enabled":true,"jetpack_shortlink":"https:\/\/wp.me\/PaJoFd-b","_links":{"self":[{"href":"https:\/\/tunamedicinagranada.com\/index.php?rest_route=\/wp\/v2\/pages\/11"}],"collection":[{"href":"https:\/\/tunamedicinagranada.com\/index.php?rest_route=\/wp\/v2\/pages"}],"about":[{"href":"https:\/\/tunamedicinagranada.com\/index.php?rest_route=\/wp\/v2\/types\/page"}],"author":[{"embeddable":true,"href":"https:\/\/tunamedicinagranada.com\/index.php?rest_route=\/wp\/v2\/users\/1"}],"replies":[{"embeddable":true,"href":"https:\/\/tunamedicinagranada.com\/index.php?rest_route=%2Fwp%2Fv2%2Fcomments&post=11"}],"version-history":[{"count":25,"href":"https:\/\/tunamedicinagranada.com\/index.php?rest_route=\/wp\/v2\/pages\/11\/revisions"}],"predecessor-version":[{"id":692,"href":"https:\/\/tunamedicinagranada.com\/index.php?rest_route=\/wp\/v2\/pages\/11\/revisions\/692"}],"wp:attachment":[{"href":"https:\/\/tunamedicinagranada.com\/index.php?rest_route=%2Fwp%2Fv2%2Fmedia&parent=11"}],"curies":[{"name":"wp","href":"https:\/\/api.w.org\/{rel}","templated":true}]}}